{"id":1360,"date":"2019-11-29T22:50:49","date_gmt":"2019-11-29T22:50:49","guid":{"rendered":"https:\/\/logandrilling-co.local\/?page_id=1360"},"modified":"2019-11-29T22:51:37","modified_gmt":"2019-11-29T22:51:37","slug":"politica-de-cookies","status":"publish","type":"page","link":"https:\/\/logandrillinggroup.com\/colombia\/politica-de-cookies\/","title":{"rendered":"Pol\u00edtica de Cookies"},"content":{"rendered":"\n<p>Esta Pol\u00edtica de cookies explica c\u00f3mo\u00a0<strong>Logan Drilling Colombia S.A.S.<\/strong>\u00a0utiliza cookies y tecnolog\u00edas similares para reconocerlo cuando visita nuestros sitios web en\u00a0<a href=\"https:\/\/logandrillinggroup.com\/colombia\/\">https:\/\/logandrillinggroup.com\/colombia\/<\/a>, Explica cu\u00e1les son estas tecnolog\u00edas y por qu\u00e9 las usamos, as\u00ed como sus derechos para controlar nuestro uso de ellas.\u00a0\u00a0<\/p>\n\n\n\n<p>En algunos casos, podemos usar cookies para recopilar informaci\u00f3n\npersonal, o eso se convierte en informaci\u00f3n personal si la combinamos con otra\ninformaci\u00f3n.&nbsp;&nbsp;&nbsp;&nbsp;&nbsp;<\/p>\n\n\n\n<p><strong>\u00bfQu\u00e9 son las cookies?<\/strong>&nbsp;&nbsp;<\/p>\n\n\n\n<p>Las cookies son peque\u00f1os archivos de datos que se colocan en su\ncomputadora o dispositivo m\u00f3vil cuando visita un sitio web.&nbsp;Los\npropietarios de sitios web utilizan ampliamente las cookies para hacer que sus\nsitios web funcionen, o para que funcionen de manera m\u00e1s eficiente, as\u00ed como\npara proporcionar informaci\u00f3n de informes.&nbsp;<\/p>\n\n\n\n<p>Cookies establecidas por el propietario del sitio web (en este\ncaso,&nbsp;Calor de Familia) se denominan \u00abcookies de\norigen\u00bb.&nbsp;Las cookies establecidas por terceros distintos del\npropietario del sitio web se denominan \u00abcookies de\nterceros\u00bb.&nbsp;Las cookies de terceros permiten que se proporcionen\ncaracter\u00edsticas o funcionalidades de terceros en el sitio web a trav\u00e9s de este\n(por ejemplo, publicidad, contenido interactivo y an\u00e1lisis).&nbsp;Las partes\nque configuran estas cookies de terceros pueden reconocer su computadora cuando\nvisita el sitio web en cuesti\u00f3n y tambi\u00e9n cuando visita ciertos otros sitios\nweb.&nbsp;<\/p>\n\n\n\n<p><strong>\u00bfPor qu\u00e9 usamos cookies?<\/strong>&nbsp;&nbsp;<\/p>\n\n\n\n<p>Usamos cookies de origen y de terceros por varias razones.&nbsp;Algunas\ncookies son necesarias por razones t\u00e9cnicas para que nuestros sitios web\nfuncionen, y las denominamos cookies \u00abesenciales\u00bb o\n\u00abestrictamente necesarias\u00bb.&nbsp;Otras cookies tambi\u00e9n nos permiten\nrastrear y dirigir los intereses de nuestros usuarios para mejorar la\nexperiencia en nuestro sitio web. Los terceros sirven cookies a trav\u00e9s de\nnuestros sitios web con fines publicitarios, anal\u00edticos y de otro\ntipo.&nbsp;Esto se describe en m\u00e1s detalle a continuaci\u00f3n.&nbsp;<\/p>\n\n\n\n<p>Las cookies de terceros que se sirven a trav\u00e9s de nuestros sitios web y\nlos prop\u00f3sitos que realizan se describen a continuaci\u00f3n (tenga en cuenta que\nlas cookies espec\u00edficas que se sirven pueden variar seg\u00fan las propiedades en\nl\u00ednea espec\u00edficas que visite):&nbsp;<\/p>\n\n\n\n<p><strong>\u00bfC\u00f3mo puedo controlar las cookies?<\/strong>&nbsp;&nbsp;&nbsp;&nbsp;&nbsp;<\/p>\n\n\n\n<p>Tiene derecho a decidir si acepta o rechaza las cookies.&nbsp;Puede\nejercer sus derechos de cookies configurando sus preferencias en el\nAdministrador de consentimiento de cookies.&nbsp;El Administrador de\nconsentimiento de cookies le permite seleccionar qu\u00e9 categor\u00edas de cookies\nacepta o rechaza.&nbsp;Las cookies esenciales no se pueden rechazar, ya que son\nestrictamente necesarias para proporcionarle servicios.&nbsp;&nbsp;<\/p>\n\n\n\n<p>El Administrador de Consentimiento de Cookies se puede encontrar en el\nbanner de notificaci\u00f3n y en nuestro sitio web.&nbsp;Si elige rechazar las\ncookies, a\u00fan puede usar nuestro sitio web, aunque su acceso a algunas funciones\ny \u00e1reas de nuestro sitio web puede estar restringido.&nbsp;Tambi\u00e9n puede\nconfigurar o modificar los controles de su navegador web para aceptar o\nrechazar cookies.&nbsp;Como los medios por los cuales puede rechazar las\ncookies a trav\u00e9s de los controles de su navegador web var\u00edan de un navegador a\notro, debe visitar el men\u00fa de ayuda de su navegador para obtener m\u00e1s\ninformaci\u00f3n.&nbsp;<\/p>\n\n\n\n<p>Adem\u00e1s, la mayor\u00eda de las redes publicitarias le ofrecen una forma de\noptar por no recibir publicidad dirigida.&nbsp;Si desea obtener m\u00e1s\ninformaci\u00f3n, visite&nbsp;&nbsp;<a href=\"http:\/\/www.aboutads.info\/choices\/\" target=\"_blank\" rel=\"noreferrer noopener nofollow\">http:\/\/www.aboutads.info\/choices\/<\/a>&nbsp;&nbsp;o&nbsp;&nbsp;<a href=\"http:\/\/www.youronlinechoices.com\/\" target=\"_blank\" rel=\"noreferrer noopener nofollow\">http:\/\/www.youronlinechoices.com<\/a>&nbsp;.&nbsp;<\/p>\n\n\n\n<p>Los tipos espec\u00edficos de cookies propias y de terceros que se sirven a\ntrav\u00e9s de nuestros sitios web son:<\/p>\n\n\n\n<p><strong>Cookies esenciales del sitio web:&nbsp;<\/strong>&nbsp;&nbsp;<\/p>\n\n\n\n<p>Estas cookies son estrictamente necesarias para proporcionarle servicios\ndisponibles a trav\u00e9s de nuestros sitios web y para utilizar algunas de sus\nfunciones, como el acceso a \u00e1reas seguras.&nbsp;<\/p>\n\n\n\n<p><strong>Cookies publicitarias:&nbsp;<\/strong>&nbsp;&nbsp;<\/p>\n\n\n\n<p>Estas cookies se utilizan para hacer que los mensajes publicitarios sean\nm\u00e1s relevantes para usted.&nbsp;Realizan funciones como evitar que el mismo anuncio\nreaparezca continuamente, asegurando que los anuncios se muestren correctamente\npara los anunciantes y, en algunos casos, seleccionando anuncios basados \u200b\u200ben\nsus intereses<\/p>\n\n\n\n<p><strong>Cookies sin clasificar:&nbsp;<\/strong><\/p>\n\n\n\n<p>Estas son cookies que a\u00fan no se han categorizado.&nbsp;Estamos en el\nproceso de clasificar estas cookies con la ayuda de sus proveedores.&nbsp;<\/p>\n\n\n\n<p><strong>\u00bfQu\u00e9 pasa con otras tecnolog\u00edas de seguimiento, como balizas web?<\/strong>&nbsp;&nbsp;<\/p>\n\n\n\n<p>Las cookies no son la \u00fanica forma&nbsp;de reconocer o rastrear a los\nvisitantes de un sitio web.&nbsp;Podemos usar otras tecnolog\u00edas similares de\nvez en cuando, como balizas web (a veces llamadas \u00abp\u00edxeles de\nseguimiento\u00bb o \u00abgifs transparentes\u00bb).&nbsp;Estos son peque\u00f1os\narchivos gr\u00e1ficos que contienen un identificador \u00fanico que nos permite reconocer\ncu\u00e1ndo alguien ha visitado nuestros sitios web.&nbsp;o abri\u00f3 un correo\nelectr\u00f3nico incluy\u00e9ndolos.&nbsp;Esto nos permite, por ejemplo, monitorear&nbsp;los\npatrones de tr\u00e1fico de los usuarios de una p\u00e1gina dentro de un sitio web a\notro, entregar o comunicarse con cookies, para comprender si ha venido al sitio\nweb desde un anuncio en l\u00ednea que se muestra en un sitio web de terceros. ,\npara mejorar el rendimiento del sitio y para medir el \u00e9xito de las campa\u00f1as de\nmarketing por correo electr\u00f3nico.&nbsp;En muchos casos, estas tecnolog\u00edas\ndependen de las cookies para funcionar correctamente, por lo que el rechazo de\nlas cookies afectar\u00e1 su funcionamiento.&nbsp;&nbsp;&nbsp;&nbsp;&nbsp;&nbsp;<\/p>\n\n\n\n<p><strong>\u00bfUtiliza cookies Flash u objetos locales compartidos?<\/strong>&nbsp;&nbsp;&nbsp;&nbsp;&nbsp;<\/p>\n\n\n\n<p>Los sitios web tambi\u00e9n pueden usar las llamadas \u00abcookies\nflash\u00bb (tambi\u00e9n conocidas como objetos locales compartidos o\n\u00abLSO\u00bb) para, entre otras cosas, recopilar y almacenar informaci\u00f3n\nsobre su uso de nuestros servicios, prevenci\u00f3n de fraude y para otras\noperaciones del sitio.<\/p>\n\n\n\n<p>Si no desea que se almacenen Cookies Flash en su computadora, puede\najustar la configuraci\u00f3n de su reproductor Flash para bloquear el\nalmacenamiento de Cookies Flash utilizando las herramientas contenidas en\nel&nbsp;<a href=\"http:\/\/www.macromedia.com\/support\/documentation\/en\/flashplayer\/help\/settings_manager07.html#_blank\" rel=\"nofollow noopener\" target=\"_blank\">Panel de Configuraci\u00f3n de\nAlmacenamiento<\/a>&nbsp;&nbsp;del&nbsp;&nbsp;<a href=\"http:\/\/www.macromedia.com\/support\/documentation\/en\/flashplayer\/help\/settings_manager07.html#_blank\" rel=\"nofollow noopener\" target=\"_blank\">Sitio Web<\/a>&nbsp;.&nbsp;Tambi\u00e9n\npuede controlar las cookies de Flash yendo al&nbsp;&nbsp;<a href=\"http:\/\/www.macromedia.com\/support\/documentation\/en\/flashplayer\/help\/settings_manager03.html#_blank\" rel=\"nofollow noopener\" target=\"_blank\">Panel de configuraci\u00f3n de\nalmacenamiento global<\/a>&nbsp;&nbsp;y&nbsp;&nbsp;siguiendo las instrucciones (que pueden incluir\ninstrucciones que explican, por ejemplo, c\u00f3mo eliminar las cookies de Flash\nexistentes (referidas a \u00abinformaci\u00f3n\u00bb en el sitio de Macromedia),\nc\u00f3mo prevenir Los Flash LSO se colocan en su computadora sin que se lo\nsoliciten, y (para Flash Player 8 y posterior) c\u00f3mo bloquear las cookies de Flash\nque no est\u00e1n siendo entregadas por el operador de la p\u00e1gina en la que se\nencuentra en ese momento).&nbsp;<\/p>\n\n\n\n<p>Tenga en cuenta que configurar Flash Player para restringir o limitar la\naceptaci\u00f3n de Cookies Flash puede reducir o impedir la funcionalidad de algunas\naplicaciones Flash, incluidas, potencialmente, las aplicaciones Flash\nutilizadas en relaci\u00f3n con nuestros servicios o contenido en\nl\u00ednea.&nbsp;&nbsp;&nbsp;&nbsp;&nbsp;<\/p>\n\n\n\n<p><strong>\u00bfSirven publicidad dirigida?<\/strong>&nbsp;&nbsp;&nbsp;&nbsp;&nbsp;&nbsp;&nbsp;<\/p>\n\n\n\n<p>Los terceros pueden servir cookies en su computadora o dispositivo m\u00f3vil\npara publicar anuncios a trav\u00e9s de nuestros sitios web.&nbsp;Estas compa\u00f1\u00edas\npueden usar informaci\u00f3n sobre sus visitas a este y otros sitios web para\nproporcionar anuncios relevantes sobre productos y servicios que le puedan\ninteresar. Tambi\u00e9n pueden emplear tecnolog\u00eda que se utiliza para medir la\nefectividad de los anuncios.&nbsp;Esto se puede lograr mediante el uso de\ncookies o balizas web para recopilar informaci\u00f3n sobre sus visitas a este y\notros sitios con el fin de proporcionar anuncios relevantes sobre productos y\nservicios que puedan ser de su inter\u00e9s.&nbsp;La informaci\u00f3n recopilada a trav\u00e9s\nde este proceso no nos permite identificar su nombre, detalles de contacto u\notros detalles que lo identifiquen directamente a menos que elija proporcionarlos.&nbsp;&nbsp;&nbsp;&nbsp;<\/p>\n\n\n\n<p><strong>\u00bfCon qu\u00e9 frecuencia actualizar\u00e1 esta Pol\u00edtica de cookies?<\/strong>&nbsp;&nbsp;<\/p>\n\n\n\n<p>Podemos actualizar&nbsp;esta Pol\u00edtica de cookies de vez en cuando para\nreflejar, por ejemplo, los cambios en las cookies que utilizamos o por otros\nmotivos operativos, legales o reglamentarios.&nbsp;Por lo tanto, vuelva a\nvisitar esta Pol\u00edtica de cookies regularmente para mantenerse informado sobre\nnuestro uso de cookies y tecnolog\u00edas relacionadas.&nbsp;<\/p>\n\n\n\n<p><strong>\u00bfD\u00f3nde puedo obtener m\u00e1s informaci\u00f3n?<\/strong>&nbsp;&nbsp;&nbsp;<\/p>\n\n\n\n<p>Si tiene alguna pregunta sobre nuestro uso de cookies u otras\ntecnolog\u00edas, env\u00edenos un correo electr\u00f3nico logandrillingco@gmail.com.<\/p>\n","protected":false},"excerpt":{"rendered":"<p>Esta Pol\u00edtica de cookies explica c\u00f3mo\u00a0Logan Drilling Colombia S.A.S.\u00a0utiliza cookies y tecnolog\u00edas similares para reconocerlo cuando visita nuestros sitios web en\u00a0https:\/\/logandrillinggroup.com\/colombia\/, Explica cu\u00e1les son estas tecnolog\u00edas y por qu\u00e9 las usamos, as\u00ed como sus derechos para controlar nuestro uso de ellas.\u00a0\u00a0 En algunos casos, podemos usar cookies para recopilar informaci\u00f3n personal, o eso se convierte [&hellip;]<\/p>\n","protected":false},"author":3,"featured_media":0,"parent":0,"menu_order":0,"comment_status":"closed","ping_status":"closed","template":"","meta":{"footnotes":""},"class_list":["post-1360","page","type-page","status-publish","hentry"],"_links":{"self":[{"href":"https:\/\/logandrillinggroup.com\/colombia\/wp-json\/wp\/v2\/pages\/1360","targetHints":{"allow":["GET"]}}],"collection":[{"href":"https:\/\/logandrillinggroup.com\/colombia\/wp-json\/wp\/v2\/pages"}],"about":[{"href":"https:\/\/logandrillinggroup.com\/colombia\/wp-json\/wp\/v2\/types\/page"}],"author":[{"embeddable":true,"href":"https:\/\/logandrillinggroup.com\/colombia\/wp-json\/wp\/v2\/users\/3"}],"replies":[{"embeddable":true,"href":"https:\/\/logandrillinggroup.com\/colombia\/wp-json\/wp\/v2\/comments?post=1360"}],"version-history":[{"count":0,"href":"https:\/\/logandrillinggroup.com\/colombia\/wp-json\/wp\/v2\/pages\/1360\/revisions"}],"wp:attachment":[{"href":"https:\/\/logandrillinggroup.com\/colombia\/wp-json\/wp\/v2\/media?parent=1360"}],"curies":[{"name":"wp","href":"https:\/\/api.w.org\/{rel}","templated":true}]}}